{"id":823,"date":"2021-05-13T03:34:46","date_gmt":"2021-05-13T03:34:46","guid":{"rendered":"http:\/\/anglopalacio.edu.uy\/site\/?page_id=823"},"modified":"2021-05-13T03:34:46","modified_gmt":"2021-05-13T03:34:46","slug":"in-company","status":"publish","type":"page","link":"https:\/\/anglopalacio.edu.uy\/site\/in-company\/","title":{"rendered":"In-company"},"content":{"rendered":"<p>[et_pb_section fb_built=\u00bb1&#8243; fullwidth=\u00bbon\u00bb admin_label=\u00bbHero\u00bb _builder_version=\u00bb3.22&#8243; background_image=\u00bbhttps:\/\/anglopalacio.edu.uy\/site\/wp-content\/uploads\/2021\/04\/hdgdgh.jpg\u00bb parallax=\u00bbon\u00bb top_divider_style=\u00bbclouds2&#8243; top_divider_color=\u00bbrgba(255,255,255,0.3)\u00bb top_divider_height=\u00bb100%\u00bb bottom_divider_height=\u00bb30px\u00bb][et_pb_fullwidth_header title=\u00bbIn-company\u00bb subhead=\u00bbCapacitaci\u00f3n corporativa\u00bb text_orientation=\u00bbcenter\u00bb button_one_url=\u00bbhttp:\/\/www.anglo.edu.uy\/INSCRIPCION-EXAMENES-INTERNACIONALES\/\u00bb _builder_version=\u00bb4.9.4&#8243; title_level=\u00bbh2&#8243; title_font=\u00bbRubik|700||on|||||\u00bb title_text_color=\u00bb#ff7355&#8243; title_font_size=\u00bb16px\u00bb title_letter_spacing=\u00bb5px\u00bb title_line_height=\u00bb2em\u00bb content_font=\u00bbRubik||||||||\u00bb content_font_size=\u00bb18px\u00bb content_line_height=\u00bb2em\u00bb subhead_font=\u00bbRubik|700|||||||\u00bb subhead_text_color=\u00bbrgba(0,0,0,0.8)\u00bb subhead_font_size=\u00bb50px\u00bb subhead_line_height=\u00bb1.4em\u00bb background_color=\u00bbrgba(255,255,255,0)\u00bb use_background_color_gradient=\u00bbon\u00bb background_color_gradient_start=\u00bbrgba(255,255,255,0.7)\u00bb background_color_gradient_end=\u00bb#ffffff\u00bb background_size=\u00bbcontain\u00bb background_position=\u00bbbottom_center\u00bb custom_button_one=\u00bbon\u00bb button_one_text_size=\u00bb16px\u00bb button_one_text_color=\u00bb#FFFFFF\u00bb button_one_bg_color=\u00bb#c11613&#8243; button_one_border_width=\u00bb15px\u00bb button_one_border_color=\u00bbrgba(210,159,104,0)\u00bb button_one_border_radius=\u00bb100px\u00bb button_one_letter_spacing=\u00bb0px\u00bb button_one_font=\u00bbRubik|700|||||||\u00bb button_one_use_icon=\u00bboff\u00bb custom_button_two=\u00bbon\u00bb button_two_text_size=\u00bb16px\u00bb button_two_text_color=\u00bb#ffffff\u00bb button_two_bg_color=\u00bbrgba(0,0,0,0.6)\u00bb button_two_border_width=\u00bb15px\u00bb button_two_border_color=\u00bbrgba(210,159,104,0)\u00bb button_two_border_radius=\u00bb100px\u00bb button_two_letter_spacing=\u00bb0px\u00bb button_two_font=\u00bbRubik|700|||||||\u00bb button_two_use_icon=\u00bboff\u00bb background_layout=\u00bblight\u00bb custom_margin=\u00bb|||\u00bb custom_padding=\u00bb8vw||4vw|\u00bb animation_style=\u00bbslide\u00bb animation_direction=\u00bbbottom\u00bb animation_intensity_slide=\u00bb1%\u00bb link_option_url_new_window=\u00bbon\u00bb hover_enabled=\u00bb0&#8243; subhead_font_size_tablet=\u00bb\u00bb subhead_font_size_phone=\u00bb30px\u00bb subhead_font_size_last_edited=\u00bbon|phone\u00bb button_one_border_radius_hover=\u00bb100px\u00bb button_two_border_radius_hover=\u00bb100px\u00bb button_one_bg_color_hover=\u00bb#ff8a70&#8243; button_two_bg_color_hover=\u00bb#ff8a70&#8243; button_one_text_size__hover_enabled=\u00bboff\u00bb button_two_text_size__hover_enabled=\u00bboff\u00bb button_one_text_color__hover_enabled=\u00bboff\u00bb button_two_text_color__hover_enabled=\u00bboff\u00bb button_one_border_width__hover_enabled=\u00bboff\u00bb button_two_border_width__hover_enabled=\u00bboff\u00bb button_one_border_color__hover_enabled=\u00bboff\u00bb button_two_border_color__hover_enabled=\u00bboff\u00bb button_one_border_radius__hover_enabled=\u00bbon\u00bb button_one_border_radius__hover=\u00bb100px\u00bb button_two_border_radius__hover_enabled=\u00bbon\u00bb button_two_border_radius__hover=\u00bb100px\u00bb button_one_letter_spacing__hover_enabled=\u00bboff\u00bb button_two_letter_spacing__hover_enabled=\u00bboff\u00bb button_one_bg_color__hover_enabled=\u00bbon\u00bb button_one_bg_color__hover=\u00bb#ff8a70&#8243; button_two_bg_color__hover_enabled=\u00bbon\u00bb button_two_bg_color__hover=\u00bb#ff8a70&#8243; sticky_enabled=\u00bb0&#8243;][\/et_pb_fullwidth_header][\/et_pb_section][et_pb_section fb_built=\u00bb1&#8243; prev_background_color=\u00bb#ffffff\u00bb admin_label=\u00bbPrograms\u00bb _builder_version=\u00bb4.9.4&#8243; background_color=\u00bb#e0e0e0&#8243; custom_padding=\u00bb54px|0px|54px|0px|true|false\u00bb top_divider_style=\u00bbwave2&#8243; hover_enabled=\u00bb0&#8243; title_text=\u00bb3-2&#8243; background_image=\u00bbhttps:\/\/anglopalacio.edu.uy\/site\/wp-content\/uploads\/2021\/05\/3-2.jpg\u00bb parallax=\u00bbon\u00bb sticky_enabled=\u00bb0&#8243;][et_pb_row _builder_version=\u00bb3.25&#8243; hover_enabled=\u00bb0&#8243; sticky_enabled=\u00bb0&#8243;][et_pb_column type=\u00bb4_4&#8243; _builder_version=\u00bb3.25&#8243; custom_padding=\u00bb|||\u00bb custom_padding__hover=\u00bb|||\u00bb][dsm_block_reveal_text _builder_version=\u00bb4.9.4&#8243; _module_preset=\u00bbdefault\u00bb block_reveal_text=\u00bbNuestra Propuesta\u00bb block_reveal_color=\u00bb#FFFFFF\u00bb header_text_color=\u00bb#FFFFFF\u00bb header_text_align=\u00bbcenter\u00bb header_font_size=\u00bb38px\u00bb header_font=\u00bb|700|||||||\u00bb block_reveal_delay=\u00bb0.3&#8243; custom_margin=\u00bb30px||||false|false\u00bb hover_enabled=\u00bb0&#8243; sticky_enabled=\u00bb0&#8243;][\/dsm_block_reveal_text][\/et_pb_column][\/et_pb_row][et_pb_row _builder_version=\u00bb4.9.4&#8243; _module_preset=\u00bbdefault\u00bb column_structure=\u00bb1_3,1_3,1_3&#8243;][et_pb_column _builder_version=\u00bb4.9.4&#8243; _module_preset=\u00bbdefault\u00bb type=\u00bb1_3&#8243;][dsm_flipbox _builder_version=\u00bb4.9.4&#8243; _module_preset=\u00bbdefault\u00bb flipbox_3d=\u00bbon\u00bb flipbox_speed=\u00bb1.4s\u00bb hover_enabled=\u00bb0&#8243; sticky_enabled=\u00bb0&#8243;][dsm_flipbox_child _builder_version=\u00bb4.9.4&#8243; _module_preset=\u00bbdefault\u00bb title=\u00bbCURSOS A MEDIDA\u00bb use_icon=\u00bbon\u00bb font_icon=\u00bb%%75%%\u00bb icon_color=\u00bbgcid-8ad13f91-d76b-4781-88c2-b24de5f38da0&#8243; use_circle=\u00bbon\u00bb circle_color=\u00bb#FFFFFF\u00bb global_colors_info=\u00bb{%22gcid-8ad13f91-d76b-4781-88c2-b24de5f38da0%22:%91%22icon_color%22%93}\u00bb text_orientation=\u00bbcenter\u00bb header_text_color=\u00bb#FFFFFF\u00bb header_font=\u00bb|800|||||||\u00bb header_font_size=\u00bb26px\u00bb hover_enabled=\u00bb0&#8243; sticky_enabled=\u00bb0&#8243;][\/dsm_flipbox_child][dsm_flipbox_child _builder_version=\u00bb4.9.4&#8243; _module_preset=\u00bbdefault\u00bb title=\u00bbCURSOS A MEDIDA\u00bb header_text_color=\u00bb#FFFFFF\u00bb header_text_align=\u00bbcenter\u00bb content_text_color=\u00bb#FFFFFF\u00bb use_icon=\u00bbon\u00bb font_icon=\u00bb%%75%%\u00bb icon_color=\u00bb#FFFFFF\u00bb icon_placement=\u00bbleft\u00bb hover_enabled=\u00bb0&#8243; sticky_enabled=\u00bb0&#8243;]<\/p>\n<p><span>Cursos adaptados a las necesidades acad\u00e9mico-funcionales de los participantes.<\/span><\/p>\n<p>[\/dsm_flipbox_child][\/dsm_flipbox][\/et_pb_column][et_pb_column _builder_version=\u00bb4.9.4&#8243; _module_preset=\u00bbdefault\u00bb type=\u00bb1_3&#8243;][dsm_flipbox _builder_version=\u00bb4.9.4&#8243; _module_preset=\u00bbdefault\u00bb flipbox_3d=\u00bbon\u00bb flipbox_speed=\u00bb1.4s\u00bb hover_enabled=\u00bb0&#8243; sticky_enabled=\u00bb0&#8243;][dsm_flipbox_child _builder_version=\u00bb4.9.4&#8243; _module_preset=\u00bbdefault\u00bb title=\u00bbPOSIBILIDADES LOCATIVAS\u00bb use_icon=\u00bbon\u00bb font_icon=\u00bb%%144%%\u00bb icon_color=\u00bbgcid-8ad13f91-d76b-4781-88c2-b24de5f38da0&#8243; use_circle=\u00bbon\u00bb circle_color=\u00bb#FFFFFF\u00bb global_colors_info=\u00bb{%22gcid-8ad13f91-d76b-4781-88c2-b24de5f38da0%22:%91%22icon_color%22%93}\u00bb text_orientation=\u00bbcenter\u00bb header_text_color=\u00bb#FFFFFF\u00bb header_font=\u00bb|800|||||||\u00bb header_font_size=\u00bb26px\u00bb hover_enabled=\u00bb0&#8243; sticky_enabled=\u00bb0&#8243;][\/dsm_flipbox_child][dsm_flipbox_child _builder_version=\u00bb4.9.4&#8243; _module_preset=\u00bbdefault\u00bb title=\u00bbPOSIBILIDADES LOCATIVAS\u00bb header_text_color=\u00bb#FFFFFF\u00bb header_text_align=\u00bbcenter\u00bb content_text_color=\u00bb#FFFFFF\u00bb use_icon=\u00bbon\u00bb font_icon=\u00bb%%144%%\u00bb icon_color=\u00bb#FFFFFF\u00bb icon_placement=\u00bbleft\u00bb hover_enabled=\u00bb0&#8243; sticky_enabled=\u00bb0&#8243;]<\/p>\n<p><span>Clases en las instalaciones del cliente a menos que se opte por utilizar nuestra infraestructura.<\/span><\/p>\n<p>[\/dsm_flipbox_child][\/dsm_flipbox][\/et_pb_column][et_pb_column _builder_version=\u00bb4.9.4&#8243; _module_preset=\u00bbdefault\u00bb type=\u00bb1_3&#8243;][dsm_flipbox _builder_version=\u00bb4.9.4&#8243; _module_preset=\u00bbdefault\u00bb flipbox_3d=\u00bbon\u00bb flipbox_speed=\u00bb1.4s\u00bb hover_enabled=\u00bb0&#8243; sticky_enabled=\u00bb0&#8243;][dsm_flipbox_child _builder_version=\u00bb4.9.4&#8243; _module_preset=\u00bbdefault\u00bb title=\u00bbFLEXIBILIDAD HORARIA\u00bb use_icon=\u00bbon\u00bb font_icon=\u00bb%%92%%\u00bb icon_color=\u00bbgcid-8ad13f91-d76b-4781-88c2-b24de5f38da0&#8243; use_circle=\u00bbon\u00bb circle_color=\u00bb#FFFFFF\u00bb global_colors_info=\u00bb{%22gcid-8ad13f91-d76b-4781-88c2-b24de5f38da0%22:%91%22icon_color%22%93}\u00bb text_orientation=\u00bbcenter\u00bb header_text_color=\u00bb#FFFFFF\u00bb header_font=\u00bb|800|||||||\u00bb header_font_size=\u00bb26px\u00bb hover_enabled=\u00bb0&#8243; sticky_enabled=\u00bb0&#8243;][\/dsm_flipbox_child][dsm_flipbox_child _builder_version=\u00bb4.9.4&#8243; _module_preset=\u00bbdefault\u00bb title=\u00bbFLEXIBILIDAD HORARIA\u00bb header_text_color=\u00bb#FFFFFF\u00bb header_text_align=\u00bbcenter\u00bb content_text_color=\u00bb#FFFFFF\u00bb use_icon=\u00bbon\u00bb font_icon=\u00bb%%92%%\u00bb icon_color=\u00bb#FFFFFF\u00bb icon_placement=\u00bbleft\u00bb hover_enabled=\u00bb0&#8243; sticky_enabled=\u00bb0&#8243;]<\/p>\n<p><span>Elecci\u00f3n de d\u00edas y horarios como prerrogativa absoluta del cliente.\u00a0La carga horaria y periodicidad adaptada a los requerimientos del cliente.<\/span><\/p>\n<p>[\/dsm_flipbox_child][\/dsm_flipbox][\/et_pb_column][\/et_pb_row][et_pb_row _builder_version=\u00bb4.9.4&#8243; _module_preset=\u00bbdefault\u00bb column_structure=\u00bb1_3,1_3,1_3&#8243;][et_pb_column _builder_version=\u00bb4.9.4&#8243; _module_preset=\u00bbdefault\u00bb type=\u00bb1_3&#8243;][dsm_flipbox _builder_version=\u00bb4.9.4&#8243; _module_preset=\u00bbdefault\u00bb flipbox_3d=\u00bbon\u00bb flipbox_speed=\u00bb1.4s\u00bb hover_enabled=\u00bb0&#8243; sticky_enabled=\u00bb0&#8243;][dsm_flipbox_child _builder_version=\u00bb4.9.4&#8243; _module_preset=\u00bbdefault\u00bb title=\u00bbCELERIDAD\u00bb use_icon=\u00bbon\u00bb font_icon=\u00bb%%24%%\u00bb icon_color=\u00bbgcid-8ad13f91-d76b-4781-88c2-b24de5f38da0&#8243; use_circle=\u00bbon\u00bb circle_color=\u00bb#FFFFFF\u00bb global_colors_info=\u00bb{%22gcid-8ad13f91-d76b-4781-88c2-b24de5f38da0%22:%91%22icon_color%22%93}\u00bb text_orientation=\u00bbcenter\u00bb header_text_color=\u00bb#FFFFFF\u00bb header_font=\u00bb|800|||||||\u00bb header_font_size=\u00bb26px\u00bb hover_enabled=\u00bb0&#8243; sticky_enabled=\u00bb0&#8243;][\/dsm_flipbox_child][dsm_flipbox_child _builder_version=\u00bb4.9.4&#8243; _module_preset=\u00bbdefault\u00bb title=\u00bbCELERIDAD\u00bb header_text_color=\u00bb#FFFFFF\u00bb header_text_align=\u00bbcenter\u00bb content_text_color=\u00bb#FFFFFF\u00bb use_icon=\u00bbon\u00bb font_icon=\u00bb%%24%%\u00bb icon_color=\u00bb#FFFFFF\u00bb icon_placement=\u00bbleft\u00bb hover_enabled=\u00bb0&#8243; sticky_enabled=\u00bb0&#8243;]<\/p>\n<p><span>Compromiso de dar inicio a la capacitaci\u00f3n dentro de los tres d\u00edas h\u00e1biles siguientes al visto bueno del cliente.<\/span><\/p>\n<p>[\/dsm_flipbox_child][\/dsm_flipbox][\/et_pb_column][et_pb_column _builder_version=\u00bb4.9.4&#8243; _module_preset=\u00bbdefault\u00bb type=\u00bb1_3&#8243;][dsm_flipbox _builder_version=\u00bb4.9.4&#8243; _module_preset=\u00bbdefault\u00bb flipbox_3d=\u00bbon\u00bb flipbox_speed=\u00bb1.4s\u00bb hover_enabled=\u00bb0&#8243; sticky_enabled=\u00bb0&#8243;][dsm_flipbox_child _builder_version=\u00bb4.9.4&#8243; _module_preset=\u00bbdefault\u00bb title=\u00bbEVALUACIONES\u00bb use_icon=\u00bbon\u00bb font_icon=\u00bb%%57%%\u00bb icon_color=\u00bbgcid-8ad13f91-d76b-4781-88c2-b24de5f38da0&#8243; use_circle=\u00bbon\u00bb circle_color=\u00bb#FFFFFF\u00bb global_colors_info=\u00bb{%22gcid-8ad13f91-d76b-4781-88c2-b24de5f38da0%22:%91%22icon_color%22%93}\u00bb text_orientation=\u00bbcenter\u00bb header_text_color=\u00bb#FFFFFF\u00bb header_font=\u00bb|800|||||||\u00bb header_font_size=\u00bb26px\u00bb hover_enabled=\u00bb0&#8243; sticky_enabled=\u00bb0&#8243;][\/dsm_flipbox_child][dsm_flipbox_child _builder_version=\u00bb4.9.4&#8243; _module_preset=\u00bbdefault\u00bb title=\u00bbEVALUACIONES\u00bb header_text_color=\u00bb#FFFFFF\u00bb header_text_align=\u00bbcenter\u00bb content_text_color=\u00bb#FFFFFF\u00bb use_icon=\u00bbon\u00bb font_icon=\u00bb%%57%%\u00bb icon_color=\u00bb#FFFFFF\u00bb icon_placement=\u00bbleft\u00bb hover_enabled=\u00bb0&#8243; sticky_enabled=\u00bb0&#8243;]<\/p>\n<p><span>Prueba diagn\u00f3stica inicial sin cargo, evaluaciones peri\u00f3dicas, informes de actuaci\u00f3n semestrales e informes mensuales de asistencia.<\/span><\/p>\n<p>[\/dsm_flipbox_child][\/dsm_flipbox][\/et_pb_column][et_pb_column _builder_version=\u00bb4.9.4&#8243; _module_preset=\u00bbdefault\u00bb type=\u00bb1_3&#8243;][dsm_flipbox _builder_version=\u00bb4.9.4&#8243; _module_preset=\u00bbdefault\u00bb flipbox_3d=\u00bbon\u00bb flipbox_speed=\u00bb1.4s\u00bb hover_enabled=\u00bb0&#8243; sticky_enabled=\u00bb0&#8243;][dsm_flipbox_child _builder_version=\u00bb4.9.4&#8243; _module_preset=\u00bbdefault\u00bb title=\u00bbCERTIFICACI\u00d3N\u00bb use_icon=\u00bbon\u00bb font_icon=\u00bb%%111%%\u00bb icon_color=\u00bbgcid-8ad13f91-d76b-4781-88c2-b24de5f38da0&#8243; use_circle=\u00bbon\u00bb circle_color=\u00bb#FFFFFF\u00bb global_colors_info=\u00bb{%22gcid-8ad13f91-d76b-4781-88c2-b24de5f38da0%22:%91%22icon_color%22%93}\u00bb text_orientation=\u00bbcenter\u00bb header_text_color=\u00bb#FFFFFF\u00bb header_font=\u00bb|800|||||||\u00bb header_font_size=\u00bb26px\u00bb hover_enabled=\u00bb0&#8243; sticky_enabled=\u00bb0&#8243;][\/dsm_flipbox_child][dsm_flipbox_child _builder_version=\u00bb4.9.4&#8243; _module_preset=\u00bbdefault\u00bb title=\u00bbCERTIFICACI\u00d3N\u00bb header_text_color=\u00bb#FFFFFF\u00bb header_text_align=\u00bbcenter\u00bb content_text_color=\u00bb#FFFFFF\u00bb use_icon=\u00bbon\u00bb font_icon=\u00bb%%111%%\u00bb icon_color=\u00bb#FFFFFF\u00bb icon_placement=\u00bbleft\u00bb hover_enabled=\u00bb0&#8243; sticky_enabled=\u00bb0&#8243;]<\/p>\n<p><span>Certificaci\u00f3n local sin costo adicional.<\/span><\/p>\n<p>[\/dsm_flipbox_child][\/dsm_flipbox][\/et_pb_column][\/et_pb_row][\/et_pb_section]<\/p>\n<span class=\"et_bloom_bottom_trigger\"><\/span>","protected":false},"excerpt":{"rendered":"<p><div class=\"et_pb_module dsm_block_reveal_text dsm_block_reveal_text_0\">\n\t\t\t\t\n\t\t\t\t\n\t\t\t\t\n\t\t\t\t\n\t\t\t\t\n\t\t\t\t\n\t\t\t\t<div class=\"et_pb_module_inner\">\n\t\t\t\t\t<div class=\"dsm_block_reveal_text_wrapper\" data-dsm-block-reveal-text=[{\"animation\":\"lr\",\"color\":\"#FFFFFF\",\"delay\":\"0.3\",\"viewport\":\"80%\"}]><h2 class=\"dsm_block_reveal_text_header et_pb_module_header\">Nuestra Propuesta<\/h2><\/div>\n\t\t\t\t<\/div>\n\t\t\t<\/div><div class=\"et_pb_module dsm_flipbox dsm_flipbox_0\">\n\t\t\t\t\n\t\t\t\t\n\t\t\t\t\n\t\t\t\t\n\t\t\t\t\n\t\t\t\t\n\t\t\t\t<div class=\"et_pb_module_inner\">\n\t\t\t\t\t<div class=\"dsm-flipbox dsm-flipbox-effect-right dsm-flipbox-3d dsm_flipbox_hover\"><\/div>\n\t\t\t\t<\/div>\n\t\t\t<\/div><div class=\"et_pb_module dsm_flipbox_child dsm_flipbox_child_0 et_pb_bg_layout_light  dsm_flipbox_icon_position_top\">\n\t\t\t\t\n\t\t\t\t\n\t\t\t\t\n\t\t\t\t\n\t\t\t\t\n\t\t\t\t\n\t\t\t\t<div class=\"et_pb_module_inner\">\n\t\t\t\t\t\n\t\t\t<div class=\"dsm_flipbox_child_image\"><span class=\"dsm_flipbox_child_image_wrap\"><span class=\"et-pb-icon\" style=\"color: \u00bb#bb0000&#8243;;\">\u00bb%%75%%\u00bb<\/span><\/span><\/div>\n\t\t\t<div class=\"dsm_flipbox_wrapper et_pb_text_align_left\">\n\t\t\t\t<h4 class=\"dsm-title et_pb_module_header\">\u00bbCURSOS<\/h4>\n\t\t\t\t\n\t\t\t\t\n\t\t\t\t\n\t\t\t<\/div>\n\t\t\t\t<\/div>\n\t\t\t<\/div><\/p>\n","protected":false},"author":1,"featured_media":0,"parent":0,"menu_order":0,"comment_status":"closed","ping_status":"closed","template":"","meta":{"_et_pb_use_builder":"on","_et_pb_old_content":"","_et_gb_content_width":"","footnotes":""},"jetpack_sharing_enabled":true,"jetpack_shortlink":"https:\/\/wp.me\/PdgDpb-dh","_links":{"self":[{"href":"https:\/\/anglopalacio.edu.uy\/site\/wp-json\/wp\/v2\/pages\/823"}],"collection":[{"href":"https:\/\/anglopalacio.edu.uy\/site\/wp-json\/wp\/v2\/pages"}],"about":[{"href":"https:\/\/anglopalacio.edu.uy\/site\/wp-json\/wp\/v2\/types\/page"}],"author":[{"embeddable":true,"href":"https:\/\/anglopalacio.edu.uy\/site\/wp-json\/wp\/v2\/users\/1"}],"replies":[{"embeddable":true,"href":"https:\/\/anglopalacio.edu.uy\/site\/wp-json\/wp\/v2\/comments?post=823"}],"version-history":[{"count":2,"href":"https:\/\/anglopalacio.edu.uy\/site\/wp-json\/wp\/v2\/pages\/823\/revisions"}],"predecessor-version":[{"id":827,"href":"https:\/\/anglopalacio.edu.uy\/site\/wp-json\/wp\/v2\/pages\/823\/revisions\/827"}],"wp:attachment":[{"href":"https:\/\/anglopalacio.edu.uy\/site\/wp-json\/wp\/v2\/media?parent=823"}],"curies":[{"name":"wp","href":"https:\/\/api.w.org\/{rel}","templated":true}]}}